{"id":166,"date":"2013-09-21T11:26:42","date_gmt":"2013-09-21T14:26:42","guid":{"rendered":"http:\/\/www.grupodabencao.org.br\/site\/?page_id=166"},"modified":"2018-02-28T17:02:51","modified_gmt":"2018-02-28T20:02:51","slug":"agenda","status":"publish","type":"page","link":"https:\/\/www.grupodabencao.org.br\/site\/agenda\/","title":{"rendered":"Agenda"},"content":{"rendered":"<h6 style=\"text-align: justify;\">O Grupo da B\u00ean\u00e7\u00e3o n\u00e3o mais divulgar\u00e1 a agenda de palestras e viagens do m\u00e9dium Wagner Paix\u00e3o, a pedido dele pr\u00f3prio, que deseja trabalhar para a Doutrina e para o Evangelho em sil\u00eancio, sem alarde.<\/h6>\n<h6 style=\"text-align: justify;\">Igualmente, n\u00e3o informaremos os dias em que o m\u00e9dium estar\u00e1 ou n\u00e3o nas reuni\u00f5es do Grupo, que funcionam normalmente \u00e0s segundas e s\u00e1bados, com as reuni\u00f5es abertas\u00a0ao\u00a0p\u00fablico.<\/h6>\n<h6 style=\"text-align: justify;\">SOBRE O ATENDIMENTO FRATERNO: O atendimento fraterno acontece \u00e0s segundas-feiras, durante a reuni\u00e3o p\u00fablica das 20 horas. Aos s\u00e1bados n\u00e3o h\u00e1 atendimento, em raz\u00e3o dos cursos de mediunidade e de evolu\u00e7\u00e3o.\u00a0O Wagner Paix\u00e3o participa, mas n\u00e3o \u00e9 o \u00fanico que faz os atendimentos e n\u00e3o h\u00e1 mais um dia determinado em que ele faz atendimentos.<\/h6>\n<h6 style=\"text-align: justify;\">SOBRE AS\u00a0PSICOGRAFIAS: o m\u00e9dium Wagner Paix\u00e3o n\u00e3o \u00e9 especializado em psicografia de cartas consoladoras e, quando acontece, \u00e9 espont\u00e2neo e pontual. Portanto, n\u00e3o h\u00e1 reuni\u00e3o espec\u00edfica no Grupo da B\u00ean\u00e7\u00e3o para psicografias de familiares desencarnados. H\u00e1 Grupos especializados nesse trabalho em Belo Horizonte, Pratinha, S\u00e3o Paulo, Uberaba e em outras cidades do pa\u00eds.<\/h6>\n<h6 style=\"text-align: justify;\"><strong>OBJETIVO DAS REUNI\u00d5ES DO GRUPO DA B\u00caN\u00c7\u00c3O<\/strong>: estudo aprofundado do Espiritismo (obras de Allan Kardec e de Chico Xavier) e de O Novo Testamento, dentro da metodologia divulgada por Hon\u00f3rio Abreu e pelo extinto NEPE da FEB &#8211; N\u00facleo de Estudo e Pesquisa do Evangelho.<\/h6>\n","protected":false},"excerpt":{"rendered":"<p>O Grupo da B\u00ean\u00e7\u00e3o n\u00e3o mais divulgar\u00e1 a agenda de palestras e viagens do m\u00e9dium Wagner Paix\u00e3o, a pedido dele pr\u00f3prio, que deseja trabalhar para a Doutrina e para o Evangelho em sil\u00eancio, sem alarde. Igualmente, n\u00e3o informaremos os dias em que o m\u00e9dium estar\u00e1 ou n\u00e3o nas reuni\u00f5es do Grupo, que funcionam normalmente \u00e0s [&hellip;]<\/p>\n","protected":false},"author":1,"featured_media":0,"parent":0,"menu_order":5,"comment_status":"closed","ping_status":"closed","template":"","meta":{"ngg_post_thumbnail":0,"footnotes":""},"class_list":["post-166","page","type-page","status-publish","hentry"],"_links":{"self":[{"href":"https:\/\/www.grupodabencao.org.br\/site\/wp-json\/wp\/v2\/pages\/166","targetHints":{"allow":["GET"]}}],"collection":[{"href":"https:\/\/www.grupodabencao.org.br\/site\/wp-json\/wp\/v2\/pages"}],"about":[{"href":"https:\/\/www.grupodabencao.org.br\/site\/wp-json\/wp\/v2\/types\/page"}],"author":[{"embeddable":true,"href":"https:\/\/www.grupodabencao.org.br\/site\/wp-json\/wp\/v2\/users\/1"}],"replies":[{"embeddable":true,"href":"https:\/\/www.grupodabencao.org.br\/site\/wp-json\/wp\/v2\/comments?post=166"}],"version-history":[{"count":74,"href":"https:\/\/www.grupodabencao.org.br\/site\/wp-json\/wp\/v2\/pages\/166\/revisions"}],"predecessor-version":[{"id":3124,"href":"https:\/\/www.grupodabencao.org.br\/site\/wp-json\/wp\/v2\/pages\/166\/revisions\/3124"}],"wp:attachment":[{"href":"https:\/\/www.grupodabencao.org.br\/site\/wp-json\/wp\/v2\/media?parent=166"}],"curies":[{"name":"wp","href":"https:\/\/api.w.org\/{rel}","templated":true}]}}