{"id":275,"date":"2013-09-21T13:11:41","date_gmt":"2013-09-21T16:11:41","guid":{"rendered":"http:\/\/www.grupodabencao.org.br\/site\/?page_id=275"},"modified":"2020-05-02T19:12:20","modified_gmt":"2020-05-02T22:12:20","slug":"palestras","status":"publish","type":"page","link":"https:\/\/www.grupodabencao.org.br\/site\/palestras\/","title":{"rendered":"Palestras"},"content":{"rendered":"<h5 style=\"text-align: center;\"><span class=\"_2iek _50f7\" style=\"color: #800000;\">Enxertia espiritual &#8211; Artur Valadares e Wagner Paix\u00e3o &#8211; reflex\u00f5es online pelos canais do NEPE Paulo de Tarso, no dia 02\/05\/2020<\/span><\/h5>\n<p style=\"text-align: center;\"><iframe loading=\"lazy\" title=\"Enxertia espiritual - Artur Valadares e Wagner Paix\u00e3o\" width=\"580\" height=\"326\" src=\"https:\/\/www.youtube.com\/embed\/6SxLyzj82ng?feature=oembed\" frameborder=\"0\" allow=\"accelerometer; autoplay; clipboard-write; encrypted-media; gyroscope; picture-in-picture; web-share\" referrerpolicy=\"strict-origin-when-cross-origin\" allowfullscreen><\/iframe><\/p>\n<p>&nbsp;<\/p>\n<h5 class=\"title style-scope ytd-video-primary-info-renderer\" style=\"text-align: center;\"><span style=\"color: #800000;\">Os desafios da pr\u00e1tica medi\u00fanica &#8211; Rede Amigo Esp\u00edrita &#8211; 22\/04\/2020<br \/>\n<\/span><\/h5>\n<p><iframe loading=\"lazy\" title=\"Os desafios da pr\u00e1tica medi\u00fanica - Wagner Gomes da Paix\u00e3o\" width=\"580\" height=\"326\" src=\"https:\/\/www.youtube.com\/embed\/kyEQIQCzagQ?feature=oembed\" frameborder=\"0\" allow=\"accelerometer; autoplay; clipboard-write; encrypted-media; gyroscope; picture-in-picture; web-share\" referrerpolicy=\"strict-origin-when-cross-origin\" allowfullscreen><\/iframe><\/p>\n<p>&nbsp;<\/p>\n<h5 class=\"title style-scope ytd-video-primary-info-renderer\" style=\"text-align: center;\"><span style=\"color: #800000;\">Amor ao Pr\u00f3ximo &#8211; Programa Vis\u00e3o Esp\u00edrita &#8211; 232 (30\/09\/2018)<\/span><\/h5>\n<p><iframe loading=\"lazy\" title=\"Amor ao Pr\u00f3ximo - Programa Vis\u00e3o Esp\u00edrita - 232 (30\/09\/2018)\" width=\"580\" height=\"326\" src=\"https:\/\/www.youtube.com\/embed\/JH-_8_rS9DE?feature=oembed\" frameborder=\"0\" allow=\"accelerometer; autoplay; clipboard-write; encrypted-media; gyroscope; picture-in-picture; web-share\" referrerpolicy=\"strict-origin-when-cross-origin\" allowfullscreen><\/iframe><\/p>\n<p>&nbsp;<\/p>\n<h5 class=\"title style-scope ytd-video-primary-info-renderer\" style=\"text-align: center;\"><span style=\"color: #800000;\">III Congresso Esp\u00edrita de Pedro Leopoldo &#8211; 07 07 2019<br \/>\n<\/span><span style=\"color: #800000;\">O Evangelho Redivivo na obra de Chico Xavier<\/span><\/h5>\n<p style=\"text-align: center;\"><iframe loading=\"lazy\" title=\"O Evangelho Redivivo na obra de Chico Xavier\/Wagner Paix\u00e3o- III Congresso Esp\u00edrita de Pedro Leopoldo\" width=\"580\" height=\"326\" src=\"https:\/\/www.youtube.com\/embed\/-V6zs4lFP7Y?feature=oembed\" frameborder=\"0\" allow=\"accelerometer; autoplay; clipboard-write; encrypted-media; gyroscope; picture-in-picture; web-share\" referrerpolicy=\"strict-origin-when-cross-origin\" allowfullscreen><\/iframe><\/p>\n<p>&nbsp;<\/p>\n<h5 class=\"title style-scope ytd-video-primary-info-renderer\" style=\"text-align: center;\"><span style=\"color: #800000;\">III Congresso Esp\u00edrita de Pedro Leopoldo &#8211; 07 07 2019<br \/>\n<\/span><span style=\"color: #800000;\">Musical com Evandro Oliva e palestra com Wagner Paix\u00e3o<\/span><\/h5>\n<p style=\"text-align: center;\"><iframe loading=\"lazy\" title=\"Musical com Evandro Oliva e palestra com Wagner Paix\u00e3o - III Congresso Esp\u00edrita de Pedro Leopoldo\" width=\"580\" height=\"326\" src=\"https:\/\/www.youtube.com\/embed\/JbsrusQFMDo?feature=oembed\" frameborder=\"0\" allow=\"accelerometer; autoplay; clipboard-write; encrypted-media; gyroscope; picture-in-picture; web-share\" referrerpolicy=\"strict-origin-when-cross-origin\" allowfullscreen><\/iframe><\/p>\n<p>&nbsp;<\/p>\n<h5 id=\"hover-overlays\" class=\"style-scope ytd-thumbnail\" style=\"text-align: center;\"><span style=\"color: #800000;\">Di\u00e1logo com Jesus\u00a0&#8211; Palestra realizada no CEMA em 14\/04\/2019<\/span><\/h5>\n<p><iframe loading=\"lazy\" title=\"Di\u00e1logo com Jesus\" width=\"580\" height=\"326\" src=\"https:\/\/www.youtube.com\/embed\/IFy6ODLnOvY?feature=oembed\" frameborder=\"0\" allow=\"accelerometer; autoplay; clipboard-write; encrypted-media; gyroscope; picture-in-picture; web-share\" referrerpolicy=\"strict-origin-when-cross-origin\" allowfullscreen><\/iframe><\/p>\n<p>&nbsp;<\/p>\n<h5 id=\"hover-overlays\" class=\"style-scope ytd-thumbnail\" style=\"text-align: center;\"><span style=\"color: #800000;\">O Papel das Revela\u00e7\u00f5es Medi\u00fanicas &#8211; Wagner Paix\u00e3o &#8211; Parte 1<\/span><\/h5>\n<p><iframe loading=\"lazy\" title=\"O Papel das Revela\u00e7\u00f5es Medi\u00fanicas - Wagner Paix\u00e3o - Parte 1\" width=\"580\" height=\"326\" src=\"https:\/\/www.youtube.com\/embed\/LO00lrbF6pg?feature=oembed\" frameborder=\"0\" allow=\"accelerometer; autoplay; clipboard-write; encrypted-media; gyroscope; picture-in-picture; web-share\" referrerpolicy=\"strict-origin-when-cross-origin\" allowfullscreen><\/iframe><\/p>\n<p>&nbsp;<\/p>\n<h5 id=\"hover-overlays\" class=\"style-scope ytd-thumbnail\" style=\"text-align: center;\"><span style=\"color: #800000;\">O Papel das Revela\u00e7\u00f5es Medi\u00fanicas &#8211; Wagner Paix\u00e3o &#8211; Parte 2<\/span><\/h5>\n<p><iframe loading=\"lazy\" title=\"O Papel das Revela\u00e7\u00f5es Medi\u00fanicas - Wagner Paix\u00e3o - Parte 2\" width=\"580\" height=\"326\" src=\"https:\/\/www.youtube.com\/embed\/ekUF2wNl07g?feature=oembed\" frameborder=\"0\" allow=\"accelerometer; autoplay; clipboard-write; encrypted-media; gyroscope; picture-in-picture; web-share\" referrerpolicy=\"strict-origin-when-cross-origin\" allowfullscreen><\/iframe><\/p>\n<p>&nbsp;<\/p>\n<h5 style=\"text-align: center;\"><span style=\"color: #800000;\">Palestra &#8220;As Vozes do Al\u00e9m-T\u00famulo&#8221; realizada em 21 de julho de 2018 na 35\u00aa Semana Esp\u00edrita de Governador Valadares, evento promovido pela AME-GV<br \/>\n<\/span><\/h5>\n<p><iframe loading=\"lazy\" title=\"As Vozes do Al\u00e9m-T\u00famulo - Wagner Paix\u00e3o\" width=\"580\" height=\"326\" src=\"https:\/\/www.youtube.com\/embed\/zUF792nd3x4?feature=oembed\" frameborder=\"0\" allow=\"accelerometer; autoplay; clipboard-write; encrypted-media; gyroscope; picture-in-picture; web-share\" referrerpolicy=\"strict-origin-when-cross-origin\" allowfullscreen><\/iframe><\/p>\n<p>&nbsp;<\/p>\n<h5 style=\"text-align: center;\"><span style=\"color: #800000;\">Palestra \u201cEncontro com Jesus\u201d no CEJA Barra em 25\/11\/2018 &#8211; <a href=\"https:\/\/youtu.be\/PdBj3hkzpIk\">Clique aqui para assitir<\/a><\/span><\/h5>\n<p style=\"text-align: center;\"><img loading=\"lazy\" decoding=\"async\" class=\"size-full wp-image-3542 aligncenter\" src=\"https:\/\/www.grupodabencao.org.br\/site\/wp-content\/uploads\/2018\/11\/Tela-YT-palestra-CEJA-Barra-25-11-2018.jpg\" alt=\"\" width=\"608\" height=\"341\" srcset=\"https:\/\/www.grupodabencao.org.br\/site\/wp-content\/uploads\/2018\/11\/Tela-YT-palestra-CEJA-Barra-25-11-2018.jpg 608w, https:\/\/www.grupodabencao.org.br\/site\/wp-content\/uploads\/2018\/11\/Tela-YT-palestra-CEJA-Barra-25-11-2018-300x168.jpg 300w\" sizes=\"auto, (max-width: 608px) 100vw, 608px\" \/><\/p>\n<p>&nbsp;<\/p>\n<h5 style=\"text-align: center;\"><span style=\"color: #800000;\">Palestra de lan\u00e7amento do livro O Caminho do Reino no CEMFS<\/span><\/h5>\n<p><iframe loading=\"lazy\" title=\"Wagner Gomes Paixa\u0303o   O Caminho do Reino\" width=\"580\" height=\"326\" src=\"https:\/\/www.youtube.com\/embed\/WYf_hHukdKg?feature=oembed\" frameborder=\"0\" allow=\"accelerometer; autoplay; clipboard-write; encrypted-media; gyroscope; picture-in-picture; web-share\" referrerpolicy=\"strict-origin-when-cross-origin\" allowfullscreen><\/iframe><\/p>\n<p>&nbsp;<\/p>\n<h5 style=\"text-align: center;\"><span style=\"color: #800000;\">Palestra &#8220;Conversando sobre Mediunidade proferida em 13 de abril de 2016 no IESS &#8211; Inner Enlightenment Spiritist Society, Manhattan, Nova York, EUA<\/span><\/h5>\n<div id=\"always-shown\" class=\"style-scope ytd-metadata-row-container-renderer\">\n<p><iframe loading=\"lazy\" title=\"Conversando sobre Mediunidade - Wagner Paix\u00e3o\" width=\"580\" height=\"435\" src=\"https:\/\/www.youtube.com\/embed\/Yq3XwoRzM6g?feature=oembed\" frameborder=\"0\" allow=\"accelerometer; autoplay; clipboard-write; encrypted-media; gyroscope; picture-in-picture; web-share\" referrerpolicy=\"strict-origin-when-cross-origin\" allowfullscreen><\/iframe><\/p>\n<\/div>\n<h5 style=\"text-align: center;\"><span style=\"color: #800000;\">Palestra &#8220;O papel das revela\u00e7\u00f5es medi\u00fanicas&#8221; realizada em\u00a010 de abril de 2016\u00a0no Ponto de Luz, AKSCenter, Steinway, Queens em New York.<\/span><\/h5>\n<p><iframe loading=\"lazy\" title=\"&quot;O papel das revela\u00e7\u00f5es medi\u00fanicas&quot; - Wagner Gomes da Paix\u00e3o\" width=\"580\" height=\"435\" src=\"https:\/\/www.youtube.com\/embed\/7W2jZPYO-CA?feature=oembed\" frameborder=\"0\" allow=\"accelerometer; autoplay; clipboard-write; encrypted-media; gyroscope; picture-in-picture; web-share\" referrerpolicy=\"strict-origin-when-cross-origin\" allowfullscreen><\/iframe><\/p>\n<h5 style=\"text-align: center;\"><span style=\"color: #800000;\">Aspectos da Transi\u00e7\u00e3o Moral que a Terra Vive<\/span><\/h5>\n<p><iframe loading=\"lazy\" title=\"Aspectos da Transi\u00e7\u00e3o Moral que a Terra Vive - Parte 1\" width=\"580\" height=\"326\" src=\"https:\/\/www.youtube.com\/embed\/4OnAKmQfnBg?feature=oembed\" frameborder=\"0\" allow=\"accelerometer; autoplay; clipboard-write; encrypted-media; gyroscope; picture-in-picture; web-share\" referrerpolicy=\"strict-origin-when-cross-origin\" allowfullscreen><\/iframe><\/p>\n<p><iframe loading=\"lazy\" title=\"Aspectos da Transi\u00e7\u00e3o Moral que a Terra Vive - Parte 2\" width=\"580\" height=\"326\" src=\"https:\/\/www.youtube.com\/embed\/HdDkpTtywBo?feature=oembed\" frameborder=\"0\" allow=\"accelerometer; autoplay; clipboard-write; encrypted-media; gyroscope; picture-in-picture; web-share\" referrerpolicy=\"strict-origin-when-cross-origin\" allowfullscreen><\/iframe><\/p>\n<h5 style=\"text-align: center;\"><span style=\"color: #800000;\">Palestra na reuni\u00e3o de lan\u00e7amento do livro As Chaves do Reino<\/span><\/h5>\n<p style=\"text-align: center;\"><iframe loading=\"lazy\" style=\"overflow: hidden; height: 60px; width: 530px; border: 0; margin: 0;\" src=\"https:\/\/www.4shared.com\/web\/embed\/audio\/file\/-IU0e5FHba?type=MINI&amp;widgetWidth=530&amp;showArtwork=true&amp;playlistHeight=0&amp;widgetRid=790569179167\u201d\" width=\"\u201c300\u201d\" height=\"\u201c150\u201d\"><\/iframe><\/p>\n<h5 style=\"text-align: center;\"><span style=\"color: #800000;\">Transi\u00e7\u00e3o Planet\u00e1ria &#8211; Palestra no Grupo Esp\u00edrita Eur\u00edpedes Barsanulpho &#8211; RJ<\/span><\/h5>\n<p><iframe loading=\"lazy\" title=\"Transi\u00e7\u00e3o Planet\u00e1ria - Wagner Paix\u00e3o\" width=\"580\" height=\"435\" src=\"https:\/\/www.youtube.com\/embed\/yYZZ47njHnA?feature=oembed\" frameborder=\"0\" allow=\"accelerometer; autoplay; clipboard-write; encrypted-media; gyroscope; picture-in-picture; web-share\" referrerpolicy=\"strict-origin-when-cross-origin\" allowfullscreen><\/iframe><\/p>\n<h5 style=\"text-align: center;\"><span style=\"color: #800000;\">Curso de Palestrantes Esp\u00edritas no FEDF &#8211; Bras\u00edlia<\/span><\/h5>\n<p><iframe loading=\"lazy\" title=\"Wagner Paix\u00e3o  - Curso de Palestrantes Esp\u00edritas do DF\" width=\"580\" height=\"326\" src=\"https:\/\/www.youtube.com\/embed\/59_IsKdcmCU?feature=oembed\" frameborder=\"0\" allow=\"accelerometer; autoplay; clipboard-write; encrypted-media; gyroscope; picture-in-picture; web-share\" referrerpolicy=\"strict-origin-when-cross-origin\" allowfullscreen><\/iframe><\/p>\n<h5 style=\"text-align: center;\"><span style=\"color: #800000;\">Entrevista com Arnaldo Rocha no Grupo Esp\u00edrita da B\u00ean\u00e7\u00e3o<\/span><\/h5>\n<p><iframe loading=\"lazy\" title=\"Arnaldo Rocha \u00e9 entrevistado por Haroldo Dutra e Wagner Gomes da Paix\u00e3o\" width=\"580\" height=\"435\" src=\"https:\/\/www.youtube.com\/embed\/tYea2iIUB9M?feature=oembed\" frameborder=\"0\" allow=\"accelerometer; autoplay; clipboard-write; encrypted-media; gyroscope; picture-in-picture; web-share\" referrerpolicy=\"strict-origin-when-cross-origin\" allowfullscreen><\/iframe><\/p>\n<h5 style=\"text-align: center;\"><span style=\"color: #800000;\">Palestra O Homem e o Mundo na vis\u00e3o Esp\u00edrita &#8211; 19 de setembro de 2011<\/span><\/h5>\n<p><iframe loading=\"lazy\" title=\"Wagner Gomes Paixa - O Homem e o Mundo na Vis\u00e3o Esp\u00edrita - 19\/07\/2011\" width=\"580\" height=\"435\" src=\"https:\/\/www.youtube.com\/embed\/g-68oI710wU?feature=oembed\" frameborder=\"0\" allow=\"accelerometer; autoplay; clipboard-write; encrypted-media; gyroscope; picture-in-picture; web-share\" referrerpolicy=\"strict-origin-when-cross-origin\" allowfullscreen><\/iframe><\/p>\n<h4><\/h4>\n<h4><strong>SITE ESPIRITISMO BH<\/strong><\/h4>\n<h5 style=\"text-align: center;\"><span style=\"color: #800000;\">Entrevista com Arnaldo Rocha e mensagem psicof\u00f4nica do Esp\u00edrito de Chico Xavier<\/span><\/h5>\n<p><iframe loading=\"lazy\" title=\"Entrevista com Arnaldo Rocha e mensagem psicof\u00f4nica do Esp\u00edrito de Chico Xavier\" width=\"580\" height=\"326\" src=\"https:\/\/www.youtube.com\/embed\/9llpyDoBBnM?feature=oembed\" frameborder=\"0\" allow=\"accelerometer; autoplay; clipboard-write; encrypted-media; gyroscope; picture-in-picture; web-share\" referrerpolicy=\"strict-origin-when-cross-origin\" allowfullscreen><\/iframe><\/p>\n<h5 style=\"text-align: center;\"><span style=\"color: #800000;\">Arnaldo Rocha \u00e9 entrevistado por Haroldo Dutra Dias e Wagner Gomes<\/span><\/h5>\n<p><iframe loading=\"lazy\" title=\"Arnaldo Rocha \u00e9 entrevistado por Haroldo Dutra e Wagner Gomes da Paix\u00e3o\" width=\"580\" height=\"435\" src=\"https:\/\/www.youtube.com\/embed\/tYea2iIUB9M?feature=oembed\" frameborder=\"0\" allow=\"accelerometer; autoplay; clipboard-write; encrypted-media; gyroscope; picture-in-picture; web-share\" referrerpolicy=\"strict-origin-when-cross-origin\" allowfullscreen><\/iframe><\/p>\n<ul>\n<li><a href=\"http:\/\/www.espiritismobh.net\/index.php?option=com_k2&amp;view=item&amp;id=91:importancia-do-estudo-e-trabalho-para-o-medium-parte-1&amp;Itemid=1\" target=\"_blank\" rel=\"noopener noreferrer\">Palestra A Import\u00e2ncia do Estudo e Trabalho para o M\u00e9dium &#8211; Parte 1<\/a><br \/>\n<a href=\"http:\/\/www.espiritismobh.net\/index.php?option=com_k2&amp;view=item&amp;id=91:importancia-do-estudo-e-trabalho-para-o-medium-parte-1&amp;Itemid=1\" target=\"_blank\" rel=\"noopener noreferrer\"> Fraternidade Esp\u00edrita Irm\u00e3o Glacus, 11 de abril de 2010<\/a><\/li>\n<li><a href=\"http:\/\/www.espiritismobh.net\/index.php?option=com_k2&amp;view=item&amp;id=90:import%C3%A2ncia-do-estudo-e-trabalho-para-o-m%C3%A9dium-parte-2&amp;Itemid=1\" target=\"_blank\" rel=\"noopener noreferrer\">Palestra A Import\u00e2ncia do Estudo e Trabalho para o M\u00e9dium &#8211; Parte 2<br \/>\nFraternidade Esp\u00edrita Irm\u00e3o Glacus, 11 de abril de 2010<\/a><\/li>\n<li><a href=\"http:\/\/www.espiritismobh.net\/index.php?option=com_k2&amp;view=item&amp;id=36:emmanuel&amp;Itemid=1\" target=\"_blank\" rel=\"noopener noreferrer\">Entrevista &#8211; Emmanuel<\/a><\/li>\n<li><a href=\"http:\/\/www.espiritismobh.net\/index.php?option=com_k2&amp;view=item&amp;id=146:mediunidade-com-jesus&amp;Itemid=1\" target=\"_blank\" rel=\"noopener noreferrer\">Entrevista &#8211; Mediunidade com Jesus<\/a><\/li>\n<li><a href=\"http:\/\/www.espiritismobh.net\/index.php?option=com_k2&amp;view=item&amp;id=112:nascimento-de-jesus-o&amp;Itemid=1\" target=\"_blank\" rel=\"noopener noreferrer\">Entrevista &#8211; O Nascimento de Jesus<\/a><\/li>\n<li><a href=\"http:\/\/www.espiritismobh.net\/index.php?option=com_k2&amp;view=item&amp;id=131:relembrando-chico-xavier&amp;Itemid=1\" target=\"_blank\" rel=\"noopener noreferrer\">Entrevista &#8211; Relembrando Chico Xavier<\/a><\/li>\n<li><a href=\"http:\/\/www.espiritismobh.net\/index.php?option=com_k2&amp;view=item&amp;id=49:yvonne-pereira&amp;Itemid=1\" target=\"_blank\" rel=\"noopener noreferrer\">Entrevista &#8211; Yvonne Pereira<\/a><\/li>\n<\/ul>\n<h4><strong>OUTRAS<\/strong><\/h4>\n<h5 style=\"text-align: center;\"><span style=\"color: #800000;\">Palestra As Tr\u00eas Revela\u00e7\u00f5es em Jales &#8211; SP em 17 de julho de 2011<\/span><\/h5>\n<p><a href=\"http:\/\/www.youtube.com\/watch?v=8xzfL8hmwKg&#038;feature=youtu.be\">http:\/\/www.youtube.com\/watch?v=8xzfL8hmwKg&amp;feature=youtu.be<\/a><\/p>\n<h5 style=\"text-align: center;\"><span style=\"color: #800000;\">Palestra O Irm\u00e3o do Caminho no Centro Espirita Manoel Felipe Santiago no dia 16 de dezembro de 2007<\/span><\/h5>\n<p><iframe loading=\"lazy\" title=\"Wagner Gomes da Paixao - O Irm\u00e3o do Caminho\" width=\"580\" height=\"435\" src=\"https:\/\/www.youtube.com\/embed\/Gpap3fhmiZw?feature=oembed\" frameborder=\"0\" allow=\"accelerometer; autoplay; clipboard-write; encrypted-media; gyroscope; picture-in-picture; web-share\" referrerpolicy=\"strict-origin-when-cross-origin\" allowfullscreen><\/iframe><\/p>\n<h5 style=\"text-align: center;\"><span style=\"color: #800000;\">Palestra no Grupo Esp\u00edrita Recanto de Paz em Ipigua\/SP<\/span><\/h5>\n<p><iframe loading=\"lazy\" title=\"Trecho da Palestra de Wagner Gomes da Paix\u00e3o\" width=\"580\" height=\"435\" src=\"https:\/\/www.youtube.com\/embed\/QU3ITHe8xV0?feature=oembed\" frameborder=\"0\" allow=\"accelerometer; autoplay; clipboard-write; encrypted-media; gyroscope; picture-in-picture; web-share\" referrerpolicy=\"strict-origin-when-cross-origin\" allowfullscreen><\/iframe><\/p>\n<h5 style=\"text-align: center;\"><span style=\"color: #800000;\">Mensagem de Chico Xavier psicografada no 3\u00ba Congresso Esp\u00edrita Brasileiro, Bras\u00edlia, abril de 2010<\/span><\/h5>\n<p><iframe loading=\"lazy\" title=\"Mensagem de Chico Xavier, psicografia do m\u00e9dium Wagner Gomes da Paix\u00e3o no 3\u00ba Congresso Esp\u00edrita\" width=\"580\" height=\"435\" src=\"https:\/\/www.youtube.com\/embed\/4DDVBadzzOU?feature=oembed\" frameborder=\"0\" allow=\"accelerometer; autoplay; clipboard-write; encrypted-media; gyroscope; picture-in-picture; web-share\" referrerpolicy=\"strict-origin-when-cross-origin\" allowfullscreen><\/iframe><\/p>\n<h5 style=\"text-align: center;\"><span style=\"color: #800000;\">Programa Despertar Esp\u00edrita, tema Os Livros da S\u00e9rie Andr\u00e9 Luis, exibido no dia 11 de julho de 2010<\/span><\/h5>\n<p><span style=\"color: #800000;\">Parte 1<\/span><\/p>\n<p><iframe loading=\"lazy\" title=\"Os Livros da S\u00e9rie Andr\u00e9 Luis #04 | Wagner Paix\u00e3o\" width=\"580\" height=\"435\" src=\"https:\/\/www.youtube.com\/embed\/SbcOCEhMcKM?feature=oembed\" frameborder=\"0\" allow=\"accelerometer; autoplay; clipboard-write; encrypted-media; gyroscope; picture-in-picture; web-share\" referrerpolicy=\"strict-origin-when-cross-origin\" allowfullscreen><\/iframe><\/p>\n<p><span style=\"color: #800000;\">Parte 2<\/span><\/p>\n<p><iframe loading=\"lazy\" title=\"Os Livros da S\u00e9rie Andr\u00e9 Luis #02 | Wagner Paix\u00e3o\" width=\"580\" height=\"435\" src=\"https:\/\/www.youtube.com\/embed\/yaj9BlmTM2w?feature=oembed\" frameborder=\"0\" allow=\"accelerometer; autoplay; clipboard-write; encrypted-media; gyroscope; picture-in-picture; web-share\" referrerpolicy=\"strict-origin-when-cross-origin\" allowfullscreen><\/iframe><\/p>\n<p><span style=\"color: #800000;\">Parte 3<\/span><\/p>\n<p><iframe loading=\"lazy\" title=\"Os Livros da S\u00e9rie Andr\u00e9 Luis #03 | Wagner Paix\u00e3o\" width=\"580\" height=\"435\" src=\"https:\/\/www.youtube.com\/embed\/0DVAz2XvBhY?feature=oembed\" frameborder=\"0\" allow=\"accelerometer; autoplay; clipboard-write; encrypted-media; gyroscope; picture-in-picture; web-share\" referrerpolicy=\"strict-origin-when-cross-origin\" allowfullscreen><\/iframe><\/p>\n<p><span style=\"color: #800000;\">Parte 4<\/span><\/p>\n<p><iframe loading=\"lazy\" title=\"Os Livros da S\u00e9rie Andr\u00e9 Luis #04 | Wagner Paix\u00e3o\" width=\"580\" height=\"435\" src=\"https:\/\/www.youtube.com\/embed\/6rV3ZjQO5eo?feature=oembed\" frameborder=\"0\" allow=\"accelerometer; autoplay; clipboard-write; encrypted-media; gyroscope; picture-in-picture; web-share\" referrerpolicy=\"strict-origin-when-cross-origin\" allowfullscreen><\/iframe><\/p>\n<p><span style=\"color: #800000;\">Parte 5<\/span><\/p>\n<p><iframe loading=\"lazy\" title=\"Wagner Paix\u00e3o - Os Livros da S\u00e9rie Andr\u00e9 Luis - Cont.  parte 4\" width=\"580\" height=\"435\" src=\"https:\/\/www.youtube.com\/embed\/zeHOqxxdZrU?feature=oembed\" frameborder=\"0\" allow=\"accelerometer; autoplay; clipboard-write; encrypted-media; gyroscope; picture-in-picture; web-share\" referrerpolicy=\"strict-origin-when-cross-origin\" allowfullscreen><\/iframe><\/p>\n<h5 style=\"text-align: center;\"><span style=\"color: #800000;\">Programa Despertar Esp\u00edrita, tema Cidades Espirituais, exibido no dia 19 de outubro de 2009<\/span><\/h5>\n<p><span style=\"color: #800000;\">Parte 1<\/span><\/p>\n<p><iframe loading=\"lazy\" title=\"Wagner Paix\u00e3o | Cidades Espirituais #01\" width=\"580\" height=\"435\" src=\"https:\/\/www.youtube.com\/embed\/TnvWEmAYPiY?feature=oembed\" frameborder=\"0\" allow=\"accelerometer; autoplay; clipboard-write; encrypted-media; gyroscope; picture-in-picture; web-share\" referrerpolicy=\"strict-origin-when-cross-origin\" allowfullscreen><\/iframe><\/p>\n<p><span style=\"color: #800000;\">Parte 2<\/span><\/p>\n<p><iframe loading=\"lazy\" title=\"Cidades Espirituais #02 | Wagner Paix\u00e3o\" width=\"580\" height=\"435\" src=\"https:\/\/www.youtube.com\/embed\/OPYYjua-Fqk?feature=oembed\" frameborder=\"0\" allow=\"accelerometer; autoplay; clipboard-write; encrypted-media; gyroscope; picture-in-picture; web-share\" referrerpolicy=\"strict-origin-when-cross-origin\" allowfullscreen><\/iframe><\/p>\n<p><span style=\"color: #800000;\">Parte 3<\/span><\/p>\n<p><iframe loading=\"lazy\" title=\"Cidades Espirituais #03 | Wagner Paix\u00e3o\" width=\"580\" height=\"435\" src=\"https:\/\/www.youtube.com\/embed\/BrGMzqaVEtY?feature=oembed\" frameborder=\"0\" allow=\"accelerometer; autoplay; clipboard-write; encrypted-media; gyroscope; picture-in-picture; web-share\" referrerpolicy=\"strict-origin-when-cross-origin\" allowfullscreen><\/iframe><\/p>\n<p>&nbsp;<\/p>\n","protected":false},"excerpt":{"rendered":"<p>Enxertia espiritual &#8211; Artur Valadares e Wagner Paix\u00e3o &#8211; reflex\u00f5es online pelos canais do NEPE Paulo de Tarso, no dia 02\/05\/2020 &nbsp; Os desafios da pr\u00e1tica medi\u00fanica &#8211; Rede Amigo Esp\u00edrita &#8211; 22\/04\/2020 &nbsp; Amor ao Pr\u00f3ximo &#8211; Programa Vis\u00e3o Esp\u00edrita &#8211; 232 (30\/09\/2018) &nbsp; III Congresso Esp\u00edrita de Pedro Leopoldo &#8211; 07 07 2019 [&hellip;]<\/p>\n","protected":false},"author":1,"featured_media":0,"parent":0,"menu_order":6,"comment_status":"closed","ping_status":"closed","template":"","meta":{"ngg_post_thumbnail":0,"footnotes":""},"class_list":["post-275","page","type-page","status-publish","hentry"],"_links":{"self":[{"href":"https:\/\/www.grupodabencao.org.br\/site\/wp-json\/wp\/v2\/pages\/275","targetHints":{"allow":["GET"]}}],"collection":[{"href":"https:\/\/www.grupodabencao.org.br\/site\/wp-json\/wp\/v2\/pages"}],"about":[{"href":"https:\/\/www.grupodabencao.org.br\/site\/wp-json\/wp\/v2\/types\/page"}],"author":[{"embeddable":true,"href":"https:\/\/www.grupodabencao.org.br\/site\/wp-json\/wp\/v2\/users\/1"}],"replies":[{"embeddable":true,"href":"https:\/\/www.grupodabencao.org.br\/site\/wp-json\/wp\/v2\/comments?post=275"}],"version-history":[{"count":105,"href":"https:\/\/www.grupodabencao.org.br\/site\/wp-json\/wp\/v2\/pages\/275\/revisions"}],"predecessor-version":[{"id":4049,"href":"https:\/\/www.grupodabencao.org.br\/site\/wp-json\/wp\/v2\/pages\/275\/revisions\/4049"}],"wp:attachment":[{"href":"https:\/\/www.grupodabencao.org.br\/site\/wp-json\/wp\/v2\/media?parent=275"}],"curies":[{"name":"wp","href":"https:\/\/api.w.org\/{rel}","templated":true}]}}